{"id":10,"date":"2013-06-25T14:06:04","date_gmt":"2013-06-25T12:06:04","guid":{"rendered":"http:\/\/www.zuki.ch\/wpt\/?page_id=10"},"modified":"2016-03-25T20:18:00","modified_gmt":"2016-03-25T19:18:00","slug":"uber-uns","status":"publish","type":"page","link":"https:\/\/alt.zuki.ch\/?page_id=10","title":{"rendered":"\u00dcber uns"},"content":{"rendered":"<p>Der Verein ZuKi (Zukunft Kinder Cham) engagiert sich seit 1994 rund um das Kind, kindergerechte und familienfreundliche Lebensr\u00e4ume sind ein wichtiges Anliegen. ZuKi ist konfessionell und politisch unabh\u00e4ngig. Kinderfreundlichkeit in allen Lebensbereichen ist unser Kredo.<\/p>\n<p>Was will ZuKi? Wir wollen Cham f\u00fcr die sich ver\u00e4ndernden Gesellschaftsstrukturen und die wandelnden Lebensformen sensibilisieren und st\u00e4rken.<\/p>\n<p>Wie funktioniert ZuKi? Alle Interessierten k\u00f6nnen sich bei uns f\u00fcr Kinder und Familien einbringen. Wir unterst\u00fctzen auch neue Aktivit\u00e4ten in diesem Bereich mit unserem Know How und unserer Vernetzung und streben dabei eine gute Kommunikation und Koordination an. Synergien werden konsequent genutzt.<\/p>\n<p>Erreichte Ziele:\u2028Ganztages-Krippe \u201cChinderhus\u201d politisch durchgesetzt\u2028Kinderfest im Hirsgarten wird von uns seit 1995 jedes Jahr im Mai durchgef\u00fchrt\u2028Veranstaltungen zum \u201cTag des Kindes\u201d wurden jedes Jahr bis zur Ratifizierung der UNO Kinderrechtskonvention durchgef\u00fchrt.\u2028 Der Erlebnisraum Teuflibach konnte nach einj\u00e4hriger Bauphase im 2005 er\u00f6ffnet werden. Das Bewegungsprojekt Open Sunday konnte 2012 \u00fcbernommen werden. Andere Projekte zu Familienpolitik und Freizeitgestaltung der Kinder werden punktuell unterst\u00fctzt, begleitet und\/oder auch iniziiert.<\/p>\n<p>Mitmachen k\u00f6nnen alle, als Mitglied, als Aktivmitglied in einem der Teams oder als G\u00f6nner\/in.<br \/>\nZ\u00f6gern Sie nicht, uns zu <a title=\"Kontakt\" href=\"https:\/\/alt.zuki.ch\/?page_id=71\">kontaktieren<\/a>.<\/p>\n<p>DONATION: Raiffeisenbank Cham, Konto 914541.01 IBAN CH15 8145 5000 0914 5410 1<\/p>\n","protected":false},"excerpt":{"rendered":"<p>Der Verein ZuKi (Zukunft Kinder Cham) engagiert sich seit 1994 rund um das Kind, kindergerechte und familienfreundliche Lebensr\u00e4ume sind ein wichtiges Anliegen. ZuKi ist konfessionell und politisch unabh\u00e4ngig. Kinderfreundlichkeit in allen Lebensbereichen ist unser Kredo. Was will ZuKi? Wir wollen Cham f\u00fcr die sich ver\u00e4ndernden Gesellschaftsstrukturen und die wandelnden Lebensformen sensibilisieren und st\u00e4rken. Wie funktioniert &hellip; <a href=\"https:\/\/alt.zuki.ch\/?page_id=10\" class=\"more-link\"><span class=\"screen-reader-text\">\u00dcber uns<\/span> weiterlesen <span class=\"meta-nav\">&rarr;<\/span><\/a><\/p>\n","protected":false},"author":1,"featured_media":693,"parent":0,"menu_order":0,"comment_status":"closed","ping_status":"closed","template":"","meta":{"footnotes":""},"class_list":["post-10","page","type-page","status-publish","has-post-thumbnail","hentry"],"_links":{"self":[{"href":"https:\/\/alt.zuki.ch\/index.php?rest_route=\/wp\/v2\/pages\/10","targetHints":{"allow":["GET"]}}],"collection":[{"href":"https:\/\/alt.zuki.ch\/index.php?rest_route=\/wp\/v2\/pages"}],"about":[{"href":"https:\/\/alt.zuki.ch\/index.php?rest_route=\/wp\/v2\/types\/page"}],"author":[{"embeddable":true,"href":"https:\/\/alt.zuki.ch\/index.php?rest_route=\/wp\/v2\/users\/1"}],"replies":[{"embeddable":true,"href":"https:\/\/alt.zuki.ch\/index.php?rest_route=%2Fwp%2Fv2%2Fcomments&post=10"}],"version-history":[{"count":16,"href":"https:\/\/alt.zuki.ch\/index.php?rest_route=\/wp\/v2\/pages\/10\/revisions"}],"predecessor-version":[{"id":1952,"href":"https:\/\/alt.zuki.ch\/index.php?rest_route=\/wp\/v2\/pages\/10\/revisions\/1952"}],"wp:featuredmedia":[{"embeddable":true,"href":"https:\/\/alt.zuki.ch\/index.php?rest_route=\/wp\/v2\/media\/693"}],"wp:attachment":[{"href":"https:\/\/alt.zuki.ch\/index.php?rest_route=%2Fwp%2Fv2%2Fmedia&parent=10"}],"curies":[{"name":"wp","href":"https:\/\/api.w.org\/{rel}","templated":true}]}}