{"id":1030,"date":"2014-01-23T17:44:15","date_gmt":"2014-01-23T16:44:15","guid":{"rendered":"http:\/\/www.zuki.ch\/?page_id=1030"},"modified":"2014-01-27T10:46:38","modified_gmt":"2014-01-27T09:46:38","slug":"leitbild","status":"publish","type":"page","link":"https:\/\/alt.zuki.ch\/?page_id=1030","title":{"rendered":"Leitbild"},"content":{"rendered":"<p><strong>was wollen wir<\/strong><\/p>\n<p>Wir setzen uns als engagierte Eltern f\u00fcr alle Kinder der Gemeinde Cham ein. Wir sind gemeinn\u00fctzig, unabh\u00e4ngig, parteipolitisch und konfessionell neutral und dem Umweltschutz verpflichtet.<\/p>\n<p>Wir setzen uns f\u00fcr eine kinderfreundliche Gemeinde ein.<\/p>\n<p>Deshalb wollen wir:<\/p>\n<ul>\n<li>Das Bewusstsein f\u00fcr die Bed\u00fcrfnisse der Kinder sch\u00e4rfen.<\/li>\n<li>Die Bed\u00fcrfnisse der Kinder ernst nehmen.<\/li>\n<li>Familienfreundlichkeit f\u00fcr alle Familienformen f\u00f6rdern.<\/li>\n<li>Die nat\u00fcrliche, altersgerechte Entwicklung der Kinder und Jugendlichen unterst\u00fctzen.<\/li>\n<li>Kinder und Erwachsene vielf\u00e4ltig animieren.<\/li>\n<\/ul>\n<p><strong>warum setzen wir uns ein<\/strong><\/p>\n<p>Unsere Lebensr\u00e4ume sind heute zunehmend von vorbestimmten Aktivit\u00e4ten besetzt, gef\u00e4hrlich oder sogar verboten. Die dichte Besiedelung und der erh\u00f6hte Stress der Erwachsenen f\u00fchrt zu einer schwindenden Toleranz den Schw\u00e4cheren gegen\u00fcber. Kinder sind die Schw\u00e4chsten unserer Gesellschaft, aber auch gleichzeitig die Gesellschaft der Zukunft, sie brauchen deshalb besonderen Schutz.<\/p>\n<p><strong>wie setzen wir uns ein<\/strong><\/p>\n<p>Wir arbeiten m\u00f6glichst kreativ, vision\u00e4r und beispielhaft, um Wege und L\u00f6sungen zu finden, die unseren ideellen Werten entsprechen. Bei unserer Arbeit achten wir auf Qualit\u00e4t und Effizienz. Wir erbringen kostenbewusst Leistungen, die Gemeinde und die Familien entlasten. Um unsere Ziele zu erreichen arbeiten wir partnerschaftlich mit der Gemeinde und anderen Institutionen zusammen.<\/p>\n<p><strong>mit welchen Mitteln<\/strong><\/p>\n<p>Der Vorstand und die themenbezogenen Arbeitsgruppen arbeiten ehrenamtlich, qualit\u00e4tsbewusst und professionell. Wir bem\u00fchen uns um eine gezielte aufgabengerechte Fort- und Weiterbildung. Unser Verein finanziert seine Aktionen \u00fcber Mitglieder-, G\u00f6nner- und Sponsorenbeitr\u00e4ge, sowie \u00fcber die Einnahmen des allj\u00e4hrlich stattfindenden Kinderfestes. Wir halten die Kosten m\u00f6glichst niedrig durch Eigenleistung, Ideenreichtum, Gratismaterial, Recycling, etc.<\/p>\n","protected":false},"excerpt":{"rendered":"<p>was wollen wir Wir setzen uns als engagierte Eltern f\u00fcr alle Kinder der Gemeinde Cham ein. Wir sind gemeinn\u00fctzig, unabh\u00e4ngig, parteipolitisch und konfessionell neutral und dem Umweltschutz verpflichtet. Wir setzen uns f\u00fcr eine kinderfreundliche Gemeinde ein. Deshalb wollen wir: Das Bewusstsein f\u00fcr die Bed\u00fcrfnisse der Kinder sch\u00e4rfen. Die Bed\u00fcrfnisse der Kinder ernst nehmen. Familienfreundlichkeit f\u00fcr &hellip; <a href=\"https:\/\/alt.zuki.ch\/?page_id=1030\" class=\"more-link\"><span class=\"screen-reader-text\">Leitbild<\/span> weiterlesen <span class=\"meta-nav\">&rarr;<\/span><\/a><\/p>\n","protected":false},"author":1,"featured_media":1013,"parent":10,"menu_order":0,"comment_status":"open","ping_status":"open","template":"","meta":{"footnotes":""},"class_list":["post-1030","page","type-page","status-publish","has-post-thumbnail","hentry"],"_links":{"self":[{"href":"https:\/\/alt.zuki.ch\/index.php?rest_route=\/wp\/v2\/pages\/1030","targetHints":{"allow":["GET"]}}],"collection":[{"href":"https:\/\/alt.zuki.ch\/index.php?rest_route=\/wp\/v2\/pages"}],"about":[{"href":"https:\/\/alt.zuki.ch\/index.php?rest_route=\/wp\/v2\/types\/page"}],"author":[{"embeddable":true,"href":"https:\/\/alt.zuki.ch\/index.php?rest_route=\/wp\/v2\/users\/1"}],"replies":[{"embeddable":true,"href":"https:\/\/alt.zuki.ch\/index.php?rest_route=%2Fwp%2Fv2%2Fcomments&post=1030"}],"version-history":[{"count":2,"href":"https:\/\/alt.zuki.ch\/index.php?rest_route=\/wp\/v2\/pages\/1030\/revisions"}],"predecessor-version":[{"id":1033,"href":"https:\/\/alt.zuki.ch\/index.php?rest_route=\/wp\/v2\/pages\/1030\/revisions\/1033"}],"up":[{"embeddable":true,"href":"https:\/\/alt.zuki.ch\/index.php?rest_route=\/wp\/v2\/pages\/10"}],"wp:featuredmedia":[{"embeddable":true,"href":"https:\/\/alt.zuki.ch\/index.php?rest_route=\/wp\/v2\/media\/1013"}],"wp:attachment":[{"href":"https:\/\/alt.zuki.ch\/index.php?rest_route=%2Fwp%2Fv2%2Fmedia&parent=1030"}],"curies":[{"name":"wp","href":"https:\/\/api.w.org\/{rel}","templated":true}]}}